{"id":8946,"date":"2023-03-30T17:27:58","date_gmt":"2023-03-30T17:27:58","guid":{"rendered":"https:\/\/partech212.com\/bronce\/product\/104824\/"},"modified":"2023-03-30T17:27:58","modified_gmt":"2023-03-30T17:27:58","slug":"104824","status":"publish","type":"product","link":"https:\/\/partech212.com\/bronce\/product\/104824\/","title":{"rendered":"Estopera damper cig\u00fce\u00f1al delantera Toyota Meru 2.7 Ltrs. 2RZ-3RZ"},"content":{"rendered":"<p>Estopera damper cig\u00fce\u00f1al delantera Toyota Meru 2.7 Ltrs. 2RZ-3RZ<\/p>\n","protected":false},"excerpt":{"rendered":"<p>Estopera damper cig\u00fce\u00f1al delantera Toyota Meru 2.7 Ltrs. 2RZ-3RZ<\/p>\n","protected":false},"featured_media":8945,"comment_status":"open","ping_status":"closed","template":"","meta":[],"product_cat":[239],"product_tag":[],"class_list":["post-8946","product","type-product","status-publish","has-post-thumbnail","hentry","product_cat-cat_9"],"_links":{"self":[{"href":"https:\/\/partech212.com\/bronce\/wp-json\/wp\/v3\/product\/8946","targetHints":{"allow":["GET"]}}],"collection":[{"href":"https:\/\/partech212.com\/bronce\/wp-json\/wp\/v3\/product"}],"about":[{"href":"https:\/\/partech212.com\/bronce\/wp-json\/wp\/v2\/types\/product"}],"replies":[{"embeddable":true,"href":"https:\/\/partech212.com\/bronce\/wp-json\/wp\/v2\/comments?post=8946"}],"wp:featuredmedia":[{"embeddable":true,"href":"https:\/\/partech212.com\/bronce\/wp-json\/wp\/v2\/media\/8945"}],"wp:attachment":[{"href":"https:\/\/partech212.com\/bronce\/wp-json\/wp\/v2\/media?parent=8946"}],"wp:term":[{"taxonomy":"product_cat","embeddable":true,"href":"https:\/\/partech212.com\/bronce\/wp-json\/wp\/v2\/product_cat?post=8946"},{"taxonomy":"product_tag","embeddable":true,"href":"https:\/\/partech212.com\/bronce\/wp-json\/wp\/v2\/product_tag?post=8946"}],"curies":[{"name":"wp","href":"https:\/\/api.w.org\/{rel}","templated":true}]}}